{"id":665,"date":"2026-01-27T17:31:57","date_gmt":"2026-01-27T17:31:57","guid":{"rendered":"https:\/\/lesmusiciensdeurope.com\/?page_id=665"},"modified":"2026-03-20T23:46:29","modified_gmt":"2026-03-20T23:46:29","slug":"fontenay","status":"publish","type":"page","link":"https:\/\/lesmusiciensdeurope.com\/en\/fontenay\/","title":{"rendered":"Les Musiciens d'Europe at Fontenay Abbey"},"content":{"rendered":"<div class=\"wp-block-group alignfull is-style-default has-global-padding is-layout-constrained wp-block-group-is-layout-constrained\" style=\"margin-top:0;margin-bottom:0;padding-top:var(--wp--preset--spacing--50);padding-bottom:var(--wp--preset--spacing--50)\">\n<div class=\"wp-block-columns alignwide is-layout-flex wp-container-core-columns-is-layout-f7efdb5d wp-block-columns-is-layout-flex\">\n<div class=\"wp-block-column is-vertically-aligned-center is-layout-flow wp-block-column-is-layout-flow\" style=\"flex-basis:50%\">\n<h2 class=\"wp-block-heading has-text-align-center\">Presentation<\/h2>\n\n\n\n<p>On Saturday, August 8, 2026 at 8:30 p.m., the Fontenay Abbey, a haven of serenity in Burgundy, will host <strong>Les Musiciens d\u2019Europe<\/strong> for an evening where emotion and virtuosity intertwine. Under the baton of <strong>F\u00e9lix Benati<\/strong>, the orchestra will take you on a journey through three major works, blending modernity and classicism.<\/p>\n\n\n\n<p>The concert will open with the <strong>Cello Concerto No. 2 \u201cKl\u0101tb\u016btne\u201d<\/strong> by <strong>P\u0113teris Vasks<\/strong>, a captivating work where light and shadow converse. The soloist <strong>Pierre Fontenelle<\/strong>, renowned for his sensitivity and refined technique, will reveal its full spiritual depth. During the intermission, spectators can admire the cloister illuminated by 1200 candles, and then the evening will continue with <strong>Mozart's Symphony No. 29<\/strong>, a youthful gem where energy and elegance unfold with an intoxicating freshness. Finally, virtuosity and wit take center stage with <strong>Cello concerto in C by Joseph Haydn<\/strong>, to bring this program to a spectacular close.<\/p>\n\n\n\n<p><strong>F\u00e9lix Benati<\/strong>, a passionate conductor, will be able to infuse each note with an intensity that has already captivated the most demanding audiences. <strong>Pierre Fontenelle<\/strong>, a renowned cellist, will bring a vibrant and memorable interpretation to Vasks and Haydn. Don't miss this unique moment, where the magic of this music will resonate in the exceptional setting of Fontenay Abbey.<\/p>\n<\/div>\n\n\n\n<div class=\"wp-block-column is-vertically-aligned-center is-layout-flow wp-block-column-is-layout-flow\" style=\"flex-basis:50%\">\n<figure class=\"wp-block-image size-full\"><img loading=\"lazy\" decoding=\"async\" width=\"1600\" height=\"847\" src=\"https:\/\/lesmusiciensdeurope.com\/v2\/wp-content\/uploads\/2026\/01\/abbaye-fontenay-f-dupin.jpg\" alt=\"\" class=\"wp-image-675\" style=\"aspect-ratio:3\/2;object-fit:cover\" srcset=\"https:\/\/lesmusiciensdeurope.com\/v2\/wp-content\/uploads\/2026\/01\/abbaye-fontenay-f-dupin.jpg 1600w, https:\/\/lesmusiciensdeurope.com\/v2\/wp-content\/uploads\/2026\/01\/abbaye-fontenay-f-dupin-300x159.jpg 300w, https:\/\/lesmusiciensdeurope.com\/v2\/wp-content\/uploads\/2026\/01\/abbaye-fontenay-f-dupin-1024x542.jpg 1024w, https:\/\/lesmusiciensdeurope.com\/v2\/wp-content\/uploads\/2026\/01\/abbaye-fontenay-f-dupin-768x407.jpg 768w, https:\/\/lesmusiciensdeurope.com\/v2\/wp-content\/uploads\/2026\/01\/abbaye-fontenay-f-dupin-100x53.jpg 100w, https:\/\/lesmusiciensdeurope.com\/v2\/wp-content\/uploads\/2026\/01\/abbaye-fontenay-f-dupin-1536x813.jpg 1536w, https:\/\/lesmusiciensdeurope.com\/v2\/wp-content\/uploads\/2026\/01\/abbaye-fontenay-f-dupin-18x10.jpg 18w\" sizes=\"auto, (max-width: 1600px) 100vw, 1600px\" \/><figcaption class=\"wp-element-caption\">Fontenay Abbey <strong>\u00a9<\/strong> Picture F. DUPIN<\/figcaption><\/figure>\n<\/div>\n<\/div>\n<\/div>\n\n\n\n<div class=\"wp-block-group alignfull has-global-padding is-layout-constrained wp-block-group-is-layout-constrained\">\n<h2 class=\"wp-block-heading has-text-align-center\" style=\"margin-bottom:var(--wp--preset--spacing--50)\">Musical program<\/h2>\n\n\n\n<div class=\"wp-block-columns alignwide is-layout-flex wp-container-core-columns-is-layout-eed4adda wp-block-columns-is-layout-flex\">\n<div class=\"wp-block-column is-layout-flow wp-block-column-is-layout-flow\">\n<p class=\"has-text-align-center has-xx-large-font-size\" style=\"line-height:1.1\">P. Vasks<\/p>\n\n\n\n<p class=\"has-text-align-center\" style=\"margin-top:var(--wp--preset--spacing--20);line-height:1.4\">Cello concerto n. 2<br>Kl\u0101tb\u016btne<\/p>\n<\/div>\n\n\n\n<div class=\"wp-block-column is-layout-flow wp-block-column-is-layout-flow\">\n<p class=\"has-text-align-center has-xx-large-font-size\" style=\"line-height:1.1\">W. A. Mozart<\/p>\n\n\n\n<p class=\"has-text-align-center\" style=\"margin-top:var(--wp--preset--spacing--20);line-height:1.4\">Symphony 29<\/p>\n<\/div>\n\n\n\n<div class=\"wp-block-column is-layout-flow wp-block-column-is-layout-flow\">\n<p class=\"has-text-align-center has-xx-large-font-size\" style=\"line-height:1.1\">J. Haydn<\/p>\n\n\n\n<p class=\"has-text-align-center\" style=\"margin-top:var(--wp--preset--spacing--20);line-height:1.4\">Cello concerto in C<\/p>\n<\/div>\n<\/div>\n<\/div>\n\n\n\n<p class=\"has-text-align-center is-style-default\" style=\"border-style:none;border-width:0px;padding-top:0;padding-bottom:0\">Spectators will be able to admire the Abbey cloister illuminated by 1200 candles during the intermission.<\/p>\n\n\n\n<div class=\"wp-block-group alignfull has-global-padding is-layout-constrained wp-container-core-group-is-layout-5c411644 wp-block-group-is-layout-constrained\" style=\"margin-top:0;margin-bottom:0;padding-top:var(--wp--preset--spacing--50);padding-bottom:var(--wp--preset--spacing--50)\">\n<h2 class=\"wp-block-heading has-text-align-center\" style=\"margin-bottom:var(--wp--preset--spacing--50)\">Prices and booking<\/h2>\n\n\n\n<figure class=\"wp-block-table is-style-tw-border-h-inner\"><table class=\"has-fixed-layout\"><thead><tr><th class=\"has-text-align-right\" data-align=\"right\">Category<\/th><th class=\"has-text-align-center\" data-align=\"center\">Price<\/th><\/tr><\/thead><tbody><tr><td class=\"has-text-align-right\" data-align=\"right\">Gold square ticket, numbered seat<\/td><td class=\"has-text-align-center\" data-align=\"center\">45\u20ac<\/td><\/tr><tr><td class=\"has-text-align-right\" data-align=\"right\">Series 1. General Admission<\/td><td class=\"has-text-align-center\" data-align=\"center\">35\u20ac<\/td><\/tr><tr><td class=\"has-text-align-right\" data-align=\"right\">Young person (&lt; 18 years old)<\/td><td class=\"has-text-align-center\" data-align=\"center\">18\u20ac<\/td><\/tr><tr><td class=\"has-text-align-right\" data-align=\"right\"><\/td><td class=\"has-text-align-center\" data-align=\"center\"><\/td><\/tr><\/tbody><\/table><\/figure>\n\n\n\n<p class=\"has-text-align-center\">Book on <a href=\"https:\/\/www.helloasso.com\/associations\/patrimoine-en-musique-montbard\/evenements\/grand-concert-symphonique-a-l-abbaye-de-fontenay-le-8-aout-2026-a-20h30\" data-type=\"link\" data-id=\"https:\/\/www.helloasso.com\/associations\/patrimoine-en-musique-montbard\/evenements\/grand-concert-symphonique-a-l-abbaye-de-fontenay-le-8-aout-2026-a-20h30\" target=\"_blank\" rel=\"noreferrer noopener\">helloasso.com<\/a><\/p>\n<\/div>\n\n\n\n<div class=\"wp-block-group alignfull has-global-padding is-layout-constrained wp-container-core-group-is-layout-dbf6bc61 wp-block-group-is-layout-constrained\" style=\"padding-top:var(--wp--preset--spacing--30);padding-bottom:var(--wp--preset--spacing--30)\">\n<h2 class=\"wp-block-heading has-text-align-center\" style=\"margin-bottom:var(--wp--preset--spacing--50)\">Musical director<\/h2>\n\n\n\n<div class=\"wp-block-media-text alignwide is-stacked-on-mobile is-style-tw-overlap has-accent-4-background-color has-background\" style=\"margin-top:var(--wp--preset--spacing--50);grid-template-columns:56% auto\"><figure class=\"wp-block-media-text__media\"><img loading=\"lazy\" decoding=\"async\" width=\"683\" height=\"1024\" src=\"https:\/\/lesmusiciensdeurope.com\/v2\/wp-content\/uploads\/2026\/01\/Felix_2025_Galery-6-683x1024.jpg\" alt=\"F\u00e9lix Benati\" class=\"wp-image-666 size-full\" srcset=\"https:\/\/lesmusiciensdeurope.com\/v2\/wp-content\/uploads\/2026\/01\/Felix_2025_Galery-6-683x1024.jpg 683w, https:\/\/lesmusiciensdeurope.com\/v2\/wp-content\/uploads\/2026\/01\/Felix_2025_Galery-6-200x300.jpg 200w, https:\/\/lesmusiciensdeurope.com\/v2\/wp-content\/uploads\/2026\/01\/Felix_2025_Galery-6-768x1152.jpg 768w, https:\/\/lesmusiciensdeurope.com\/v2\/wp-content\/uploads\/2026\/01\/Felix_2025_Galery-6-100x150.jpg 100w, https:\/\/lesmusiciensdeurope.com\/v2\/wp-content\/uploads\/2026\/01\/Felix_2025_Galery-6-1024x1536.jpg 1024w, https:\/\/lesmusiciensdeurope.com\/v2\/wp-content\/uploads\/2026\/01\/Felix_2025_Galery-6-8x12.jpg 8w, https:\/\/lesmusiciensdeurope.com\/v2\/wp-content\/uploads\/2026\/01\/Felix_2025_Galery-6.jpg 1280w\" sizes=\"auto, (max-width: 683px) 100vw, 683px\" \/><\/figure><div class=\"wp-block-media-text__content\">\n<h3 class=\"wp-block-heading\">F\u00e9lix Benati<\/h3>\n\n\n\n<p>A conductor passionate about the voice and the repertoire of the 20th and 21st centuries, F\u00e9lix Benati dedicates the majority of his musical activity to this genre. Winner of the 2024 International Jorma Panula Conducting Competition and finalist of the 2025 Donatella Flick Conducting Competition, he made a remarkable debut last April with the Orchestre Philharmonique de Radio France, stepping in at the last minute for Mikko Franck in&nbsp;<em>La Mer<\/em>&nbsp;by Debussy. <\/p>\n\n\n\n<p>In 2025\/2026 he conducted the Orchestre National des Pays de la Loire, the Orchestre National de Cannes, the Orchestre Philharmonique de Nice, the Vaasa City Orchestra, the Jyv\u00e4skyl\u00e4 Sinfonia (Finland), and the Filarmonica de Stat Dinu Lipatti (Romania). He continues to explore the interplay between song and instrumental music, ranging from&nbsp;<em>Salome&nbsp;<\/em>by Strauss to Berio's&nbsp;<em>Folk Songs&nbsp;<\/em>F\u00e9lix notably worked on works such as&nbsp;<em>La Boh\u00e8me&nbsp;<\/em>by Puccini, Bartok's&nbsp;<em>Bluebeard's Castle&nbsp;<\/em>or&nbsp;<em>La Voix Humaine&nbsp;<\/em>by Poulenc alongside Michael Schonwandt, Kristiina Poska or Alexandre Bloch when he was assistant conductor at the French Youth Orchestra and the Lille National Orchestra from 2023 to 2025.<\/p>\n<\/div><\/div>\n\n\n\n<h2 class=\"wp-block-heading has-text-align-center\" style=\"margin-bottom:var(--wp--preset--spacing--50)\">Soloist<\/h2>\n\n\n\n<div class=\"wp-block-media-text alignwide has-media-on-the-right is-stacked-on-mobile is-style-tw-overlap has-accent-4-background-color has-background\" style=\"grid-template-columns:auto 56%\"><div class=\"wp-block-media-text__content\">\n<h3 class=\"wp-block-heading\">Pierre Fontenelle<\/h3>\n\n\n\n<p class=\"has-contrast-color has-text-color has-small-font-size\" style=\"margin-top:var(--wp--preset--spacing--20)\">Cellist<\/p>\n\n\n\n<p>Pierre Fontenelle is a young Belgian-American cellist pursuing a career as a soloist, chamber musician, and orchestral musician both in Belgium and internationally. Winner of the 2022 Breughel Competition (1st Prize, Audience Prize, Best Performance Prize), the 2020 Buchet Competition (2nd Prize \"Van Hecke\"), and the 2019 Edmond Baert Competition (1st Prize and Feldbusch Prize), Pierre was also principal cellist of the Royal Opera of Wallonia-Li\u00e8ge until 2022.<\/p>\n\n\n\n<p>Since then, he has performed as a soloist in prestigious venues in Belgium and internationally, such as Flagey, the Queen Elisabeth Chapel, La Seine Musicale, the Taipei National Concert Hall, and the Shanghai Oriental Art Center. He has also been invited as a soloist by renowned ensembles, including the Royal Philharmonic Orchestra of Li\u00e8ge, the Brussels Philharmonic Orchestra, Musiques Nouvelles, the Casco Phil, the Royal Band of the Guides, and the Grand Ducal Military Band.<\/p>\n<\/div><figure class=\"wp-block-media-text__media\"><img loading=\"lazy\" decoding=\"async\" width=\"683\" height=\"1024\" src=\"https:\/\/lesmusiciensdeurope.com\/v2\/wp-content\/uploads\/2026\/01\/pierre-fontenelle-1-683x1024.jpg\" alt=\"\" class=\"wp-image-669 size-full\" srcset=\"https:\/\/lesmusiciensdeurope.com\/v2\/wp-content\/uploads\/2026\/01\/pierre-fontenelle-1-683x1024.jpg 683w, https:\/\/lesmusiciensdeurope.com\/v2\/wp-content\/uploads\/2026\/01\/pierre-fontenelle-1-200x300.jpg 200w, https:\/\/lesmusiciensdeurope.com\/v2\/wp-content\/uploads\/2026\/01\/pierre-fontenelle-1-768x1152.jpg 768w, https:\/\/lesmusiciensdeurope.com\/v2\/wp-content\/uploads\/2026\/01\/pierre-fontenelle-1-100x150.jpg 100w, https:\/\/lesmusiciensdeurope.com\/v2\/wp-content\/uploads\/2026\/01\/pierre-fontenelle-1-8x12.jpg 8w, https:\/\/lesmusiciensdeurope.com\/v2\/wp-content\/uploads\/2026\/01\/pierre-fontenelle-1.jpg 1000w\" sizes=\"auto, (max-width: 683px) 100vw, 683px\" \/><\/figure><\/div>\n<\/div>","protected":false},"excerpt":{"rendered":"<p>Pr\u00e9sentation Samedi 8 ao\u00fbt 2026 \u00e0 20h30, l\u2019abbaye de Fontenay, \u00e9crin de s\u00e9r\u00e9nit\u00e9 en Bourgogne, accueillera Les Musiciens d\u2019Europe pour une soir\u00e9e o\u00f9 \u00e9motion et virtuosit\u00e9 se r\u00e9pondent. Sous la baguette de F\u00e9lix Benati, l\u2019orchestre vous emm\u00e8nera \u00e0 la d\u00e9couverte de trois \u0153uvres majeures, entre modernit\u00e9 et classicisme. Le concert s\u2019ouvrira avec le Concerto n\u00b02 [&hellip;]<\/p>\n","protected":false},"author":1,"featured_media":0,"parent":0,"menu_order":0,"comment_status":"closed","ping_status":"closed","template":"","meta":{"footnotes":""},"class_list":["post-665","page","type-page","status-publish","hentry"],"yoast_head":"<!-- This site is optimized with the Yoast SEO plugin v27.4 - https:\/\/yoast.com\/product\/yoast-seo-wordpress\/ -->\n<title>Les Musiciens d&#039;Europe \u00e0 l&#039;Abbaye de Fontenay - LES MUSICIENS D&#039;EUROPE<\/title>\n<meta name=\"robots\" content=\"index, follow, max-snippet:-1, max-image-preview:large, max-video-preview:-1\" \/>\n<link rel=\"canonical\" href=\"https:\/\/lesmusiciensdeurope.com\/en\/fontenay\/\" \/>\n<meta property=\"og:locale\" content=\"en_GB\" \/>\n<meta property=\"og:type\" content=\"article\" \/>\n<meta property=\"og:title\" content=\"Les Musiciens d&#039;Europe \u00e0 l&#039;Abbaye de Fontenay - LES MUSICIENS D&#039;EUROPE\" \/>\n<meta property=\"og:description\" content=\"Pr\u00e9sentation Samedi 8 ao\u00fbt 2026 \u00e0 20h30, l\u2019abbaye de Fontenay, \u00e9crin de s\u00e9r\u00e9nit\u00e9 en Bourgogne, accueillera Les Musiciens d\u2019Europe pour une soir\u00e9e o\u00f9 \u00e9motion et virtuosit\u00e9 se r\u00e9pondent. Sous la baguette de F\u00e9lix Benati, l\u2019orchestre vous emm\u00e8nera \u00e0 la d\u00e9couverte de trois \u0153uvres majeures, entre modernit\u00e9 et classicisme. Le concert s\u2019ouvrira avec le Concerto n\u00b02 [&hellip;]\" \/>\n<meta property=\"og:url\" content=\"https:\/\/lesmusiciensdeurope.com\/en\/fontenay\/\" \/>\n<meta property=\"og:site_name\" content=\"LES MUSICIENS D&#039;EUROPE\" \/>\n<meta property=\"article:modified_time\" content=\"2026-03-20T23:46:29+00:00\" \/>\n<meta property=\"og:image\" content=\"https:\/\/lesmusiciensdeurope.com\/v2\/wp-content\/uploads\/2026\/01\/abbaye-fontenay-f-dupin.jpg\" \/>\n\t<meta property=\"og:image:width\" content=\"1600\" \/>\n\t<meta property=\"og:image:height\" content=\"847\" \/>\n\t<meta property=\"og:image:type\" content=\"image\/jpeg\" \/>\n<meta name=\"twitter:card\" content=\"summary_large_image\" \/>\n<meta name=\"twitter:label1\" content=\"Estimated reading time\" \/>\n\t<meta name=\"twitter:data1\" content=\"3 minutes\" \/>\n<script type=\"application\/ld+json\" class=\"yoast-schema-graph\">{\"@context\":\"https:\\\/\\\/schema.org\",\"@graph\":[{\"@type\":\"WebPage\",\"@id\":\"https:\\\/\\\/lesmusiciensdeurope.com\\\/fontenay\\\/\",\"url\":\"https:\\\/\\\/lesmusiciensdeurope.com\\\/fontenay\\\/\",\"name\":\"Les Musiciens d'Europe \u00e0 l'Abbaye de Fontenay - LES MUSICIENS D&#039;EUROPE\",\"isPartOf\":{\"@id\":\"https:\\\/\\\/lesmusiciensdeurope.com\\\/#website\"},\"primaryImageOfPage\":{\"@id\":\"https:\\\/\\\/lesmusiciensdeurope.com\\\/fontenay\\\/#primaryimage\"},\"image\":{\"@id\":\"https:\\\/\\\/lesmusiciensdeurope.com\\\/fontenay\\\/#primaryimage\"},\"thumbnailUrl\":\"https:\\\/\\\/lesmusiciensdeurope.com\\\/v2\\\/wp-content\\\/uploads\\\/2026\\\/01\\\/abbaye-fontenay-f-dupin.jpg\",\"datePublished\":\"2026-01-27T17:31:57+00:00\",\"dateModified\":\"2026-03-20T23:46:29+00:00\",\"breadcrumb\":{\"@id\":\"https:\\\/\\\/lesmusiciensdeurope.com\\\/fontenay\\\/#breadcrumb\"},\"inLanguage\":\"en-GB\",\"potentialAction\":[{\"@type\":\"ReadAction\",\"target\":[\"https:\\\/\\\/lesmusiciensdeurope.com\\\/fontenay\\\/\"]}]},{\"@type\":\"ImageObject\",\"inLanguage\":\"en-GB\",\"@id\":\"https:\\\/\\\/lesmusiciensdeurope.com\\\/fontenay\\\/#primaryimage\",\"url\":\"https:\\\/\\\/lesmusiciensdeurope.com\\\/v2\\\/wp-content\\\/uploads\\\/2026\\\/01\\\/abbaye-fontenay-f-dupin.jpg\",\"contentUrl\":\"https:\\\/\\\/lesmusiciensdeurope.com\\\/v2\\\/wp-content\\\/uploads\\\/2026\\\/01\\\/abbaye-fontenay-f-dupin.jpg\"},{\"@type\":\"BreadcrumbList\",\"@id\":\"https:\\\/\\\/lesmusiciensdeurope.com\\\/fontenay\\\/#breadcrumb\",\"itemListElement\":[{\"@type\":\"ListItem\",\"position\":1,\"name\":\"Home\",\"item\":\"https:\\\/\\\/lesmusiciensdeurope.com\\\/\"},{\"@type\":\"ListItem\",\"position\":2,\"name\":\"Les Musiciens d&#8217;Europe \u00e0 l&#8217;Abbaye de Fontenay\"}]},{\"@type\":\"WebSite\",\"@id\":\"https:\\\/\\\/lesmusiciensdeurope.com\\\/#website\",\"url\":\"https:\\\/\\\/lesmusiciensdeurope.com\\\/\",\"name\":\"Les Musiciens d'Europe\",\"description\":\"Orchestre symphonique Europ\u00e9en et Humaniste\",\"publisher\":{\"@id\":\"https:\\\/\\\/lesmusiciensdeurope.com\\\/#organization\"},\"potentialAction\":[{\"@type\":\"SearchAction\",\"target\":{\"@type\":\"EntryPoint\",\"urlTemplate\":\"https:\\\/\\\/lesmusiciensdeurope.com\\\/?s={search_term_string}\"},\"query-input\":{\"@type\":\"PropertyValueSpecification\",\"valueRequired\":true,\"valueName\":\"search_term_string\"}}],\"inLanguage\":\"en-GB\"},{\"@type\":\"Organization\",\"@id\":\"https:\\\/\\\/lesmusiciensdeurope.com\\\/#organization\",\"name\":\"Les Musiciens d'Europe\",\"alternateName\":\"MDE\",\"url\":\"https:\\\/\\\/lesmusiciensdeurope.com\\\/\",\"logo\":{\"@type\":\"ImageObject\",\"inLanguage\":\"en-GB\",\"@id\":\"https:\\\/\\\/lesmusiciensdeurope.com\\\/#\\\/schema\\\/logo\\\/image\\\/\",\"url\":\"https:\\\/\\\/lesmusiciensdeurope.com\\\/v2\\\/wp-content\\\/uploads\\\/2025\\\/07\\\/LOGO-ME_RVB-scaled.png\",\"contentUrl\":\"https:\\\/\\\/lesmusiciensdeurope.com\\\/v2\\\/wp-content\\\/uploads\\\/2025\\\/07\\\/LOGO-ME_RVB-scaled.png\",\"width\":2560,\"height\":1810,\"caption\":\"Les Musiciens d'Europe\"},\"image\":{\"@id\":\"https:\\\/\\\/lesmusiciensdeurope.com\\\/#\\\/schema\\\/logo\\\/image\\\/\"}}]}<\/script>\n<!-- \/ Yoast SEO plugin. -->","yoast_head_json":{"title":"Les Musiciens d'Europe \u00e0 l'Abbaye de Fontenay - LES MUSICIENS D&#039;EUROPE","robots":{"index":"index","follow":"follow","max-snippet":"max-snippet:-1","max-image-preview":"max-image-preview:large","max-video-preview":"max-video-preview:-1"},"canonical":"https:\/\/lesmusiciensdeurope.com\/en\/fontenay\/","og_locale":"en_GB","og_type":"article","og_title":"Les Musiciens d'Europe \u00e0 l'Abbaye de Fontenay - LES MUSICIENS D&#039;EUROPE","og_description":"Pr\u00e9sentation Samedi 8 ao\u00fbt 2026 \u00e0 20h30, l\u2019abbaye de Fontenay, \u00e9crin de s\u00e9r\u00e9nit\u00e9 en Bourgogne, accueillera Les Musiciens d\u2019Europe pour une soir\u00e9e o\u00f9 \u00e9motion et virtuosit\u00e9 se r\u00e9pondent. Sous la baguette de F\u00e9lix Benati, l\u2019orchestre vous emm\u00e8nera \u00e0 la d\u00e9couverte de trois \u0153uvres majeures, entre modernit\u00e9 et classicisme. Le concert s\u2019ouvrira avec le Concerto n\u00b02 [&hellip;]","og_url":"https:\/\/lesmusiciensdeurope.com\/en\/fontenay\/","og_site_name":"LES MUSICIENS D&#039;EUROPE","article_modified_time":"2026-03-20T23:46:29+00:00","og_image":[{"width":1600,"height":847,"url":"https:\/\/lesmusiciensdeurope.com\/v2\/wp-content\/uploads\/2026\/01\/abbaye-fontenay-f-dupin.jpg","type":"image\/jpeg"}],"twitter_card":"summary_large_image","twitter_misc":{"Estimated reading time":"3 minutes"},"schema":{"@context":"https:\/\/schema.org","@graph":[{"@type":"WebPage","@id":"https:\/\/lesmusiciensdeurope.com\/fontenay\/","url":"https:\/\/lesmusiciensdeurope.com\/fontenay\/","name":"Les Musiciens d'Europe \u00e0 l'Abbaye de Fontenay - LES MUSICIENS D&#039;EUROPE","isPartOf":{"@id":"https:\/\/lesmusiciensdeurope.com\/#website"},"primaryImageOfPage":{"@id":"https:\/\/lesmusiciensdeurope.com\/fontenay\/#primaryimage"},"image":{"@id":"https:\/\/lesmusiciensdeurope.com\/fontenay\/#primaryimage"},"thumbnailUrl":"https:\/\/lesmusiciensdeurope.com\/v2\/wp-content\/uploads\/2026\/01\/abbaye-fontenay-f-dupin.jpg","datePublished":"2026-01-27T17:31:57+00:00","dateModified":"2026-03-20T23:46:29+00:00","breadcrumb":{"@id":"https:\/\/lesmusiciensdeurope.com\/fontenay\/#breadcrumb"},"inLanguage":"en-GB","potentialAction":[{"@type":"ReadAction","target":["https:\/\/lesmusiciensdeurope.com\/fontenay\/"]}]},{"@type":"ImageObject","inLanguage":"en-GB","@id":"https:\/\/lesmusiciensdeurope.com\/fontenay\/#primaryimage","url":"https:\/\/lesmusiciensdeurope.com\/v2\/wp-content\/uploads\/2026\/01\/abbaye-fontenay-f-dupin.jpg","contentUrl":"https:\/\/lesmusiciensdeurope.com\/v2\/wp-content\/uploads\/2026\/01\/abbaye-fontenay-f-dupin.jpg"},{"@type":"BreadcrumbList","@id":"https:\/\/lesmusiciensdeurope.com\/fontenay\/#breadcrumb","itemListElement":[{"@type":"ListItem","position":1,"name":"Home","item":"https:\/\/lesmusiciensdeurope.com\/"},{"@type":"ListItem","position":2,"name":"Les Musiciens d&#8217;Europe \u00e0 l&#8217;Abbaye de Fontenay"}]},{"@type":"WebSite","@id":"https:\/\/lesmusiciensdeurope.com\/#website","url":"https:\/\/lesmusiciensdeurope.com\/","name":"Les Musiciens d'Europe","description":"Orchestre symphonique Europ\u00e9en et Humaniste","publisher":{"@id":"https:\/\/lesmusiciensdeurope.com\/#organization"},"potentialAction":[{"@type":"SearchAction","target":{"@type":"EntryPoint","urlTemplate":"https:\/\/lesmusiciensdeurope.com\/?s={search_term_string}"},"query-input":{"@type":"PropertyValueSpecification","valueRequired":true,"valueName":"search_term_string"}}],"inLanguage":"en-GB"},{"@type":"Organization","@id":"https:\/\/lesmusiciensdeurope.com\/#organization","name":"Les Musiciens d'Europe","alternateName":"MDE","url":"https:\/\/lesmusiciensdeurope.com\/","logo":{"@type":"ImageObject","inLanguage":"en-GB","@id":"https:\/\/lesmusiciensdeurope.com\/#\/schema\/logo\/image\/","url":"https:\/\/lesmusiciensdeurope.com\/v2\/wp-content\/uploads\/2025\/07\/LOGO-ME_RVB-scaled.png","contentUrl":"https:\/\/lesmusiciensdeurope.com\/v2\/wp-content\/uploads\/2025\/07\/LOGO-ME_RVB-scaled.png","width":2560,"height":1810,"caption":"Les Musiciens d'Europe"},"image":{"@id":"https:\/\/lesmusiciensdeurope.com\/#\/schema\/logo\/image\/"}}]}},"_links":{"self":[{"href":"https:\/\/lesmusiciensdeurope.com\/en\/wp-json\/wp\/v2\/pages\/665","targetHints":{"allow":["GET"]}}],"collection":[{"href":"https:\/\/lesmusiciensdeurope.com\/en\/wp-json\/wp\/v2\/pages"}],"about":[{"href":"https:\/\/lesmusiciensdeurope.com\/en\/wp-json\/wp\/v2\/types\/page"}],"author":[{"embeddable":true,"href":"https:\/\/lesmusiciensdeurope.com\/en\/wp-json\/wp\/v2\/users\/1"}],"replies":[{"embeddable":true,"href":"https:\/\/lesmusiciensdeurope.com\/en\/wp-json\/wp\/v2\/comments?post=665"}],"version-history":[{"count":8,"href":"https:\/\/lesmusiciensdeurope.com\/en\/wp-json\/wp\/v2\/pages\/665\/revisions"}],"predecessor-version":[{"id":688,"href":"https:\/\/lesmusiciensdeurope.com\/en\/wp-json\/wp\/v2\/pages\/665\/revisions\/688"}],"wp:attachment":[{"href":"https:\/\/lesmusiciensdeurope.com\/en\/wp-json\/wp\/v2\/media?parent=665"}],"curies":[{"name":"wp","href":"https:\/\/api.w.org\/{rel}","templated":true}]}}