{"id":65,"date":"2025-04-04T17:46:19","date_gmt":"2025-04-04T17:46:19","guid":{"rendered":"https:\/\/lesmusiciensdeurope.com\/v2\/?page_id=65"},"modified":"2025-07-19T08:48:48","modified_gmt":"2025-07-19T08:48:48","slug":"direction-artistique","status":"publish","type":"page","link":"https:\/\/lesmusiciensdeurope.com\/en\/direction-artistique\/","title":{"rendered":"Artistic direction"},"content":{"rendered":"<div class=\"wp-block-group alignfull has-global-padding is-layout-constrained wp-block-group-is-layout-constrained\" style=\"margin-top:0;margin-bottom:0;padding-top:var(--wp--preset--spacing--50);padding-bottom:var(--wp--preset--spacing--50)\">\n<div class=\"wp-block-columns alignwide is-layout-flex wp-container-core-columns-is-layout-19206ade wp-block-columns-is-layout-flex\">\n<div class=\"wp-block-column is-vertically-aligned-center is-layout-flow wp-block-column-is-layout-flow\">\n<h2 class=\"wp-block-heading\">Musical director<\/h2>\n\n\n\n<p class=\"has-large-font-size\">After 30 years of rich collaboration with Jean-Marie Curti as musical and artistic director, whose many innovative and unique ideas have allowed the ensemble to shine, the time has come to find a new direction. We're giving ourselves two or three years to hold artistic encounters with various guest conductors, in order to \"reshuffle the deck\" and explore new energies. At the end of this period, a consultation with the musicians will be launched to determine whether this approach is suitable, or whether we wish to retain one or more conductors.<\/p>\n<\/div>\n\n\n\n<div class=\"wp-block-column is-vertically-aligned-center is-layout-flow wp-block-column-is-layout-flow\">\n<figure class=\"wp-block-image size-full\"><img loading=\"lazy\" decoding=\"async\" width=\"2048\" height=\"1365\" src=\"https:\/\/lesmusiciensdeurope.com\/v2\/wp-content\/uploads\/2025\/07\/DG-75.jpg\" alt=\"Musique de chambre prise depuis l'orchestre avec un effet de flou artistique - Photo Julie Ducloux\" class=\"wp-image-552\" style=\"aspect-ratio:1;object-fit:cover\" srcset=\"https:\/\/lesmusiciensdeurope.com\/v2\/wp-content\/uploads\/2025\/07\/DG-75.jpg 2048w, https:\/\/lesmusiciensdeurope.com\/v2\/wp-content\/uploads\/2025\/07\/DG-75-300x200.jpg 300w, https:\/\/lesmusiciensdeurope.com\/v2\/wp-content\/uploads\/2025\/07\/DG-75-1024x683.jpg 1024w, https:\/\/lesmusiciensdeurope.com\/v2\/wp-content\/uploads\/2025\/07\/DG-75-768x512.jpg 768w, https:\/\/lesmusiciensdeurope.com\/v2\/wp-content\/uploads\/2025\/07\/DG-75-100x67.jpg 100w, https:\/\/lesmusiciensdeurope.com\/v2\/wp-content\/uploads\/2025\/07\/DG-75-1536x1024.jpg 1536w, https:\/\/lesmusiciensdeurope.com\/v2\/wp-content\/uploads\/2025\/07\/DG-75-18x12.jpg 18w\" sizes=\"auto, (max-width: 2048px) 100vw, 2048px\" \/><figcaption class=\"wp-element-caption\"><em>\u00a9<\/em> Julie Ducloux<\/figcaption><\/figure>\n<\/div>\n<\/div>\n<\/div>\n\n\n\n<div class=\"wp-block-group alignfull has-accent-4-background-color has-background has-global-padding is-layout-constrained wp-block-group-is-layout-constrained\" style=\"margin-top:0;margin-bottom:0;padding-top:var(--wp--preset--spacing--50);padding-bottom:var(--wp--preset--spacing--50)\">\n<div class=\"wp-block-columns alignwide is-layout-flex wp-container-core-columns-is-layout-19206ade wp-block-columns-is-layout-flex\">\n<div class=\"wp-block-column is-vertically-aligned-center is-layout-flow wp-block-column-is-layout-flow\">\n<figure class=\"wp-block-image size-full\"><img loading=\"lazy\" decoding=\"async\" width=\"2048\" height=\"1365\" src=\"https:\/\/lesmusiciensdeurope.com\/v2\/wp-content\/uploads\/2025\/07\/La-Garde-2023-Photos-Julie-Ducloux-16.jpg\" alt=\"Harpiste vue de dos lors du concert 2023 \u00e0 La Garde - Photo Julie Ducloux\" class=\"wp-image-550\" style=\"aspect-ratio:1;object-fit:cover\" srcset=\"https:\/\/lesmusiciensdeurope.com\/v2\/wp-content\/uploads\/2025\/07\/La-Garde-2023-Photos-Julie-Ducloux-16.jpg 2048w, https:\/\/lesmusiciensdeurope.com\/v2\/wp-content\/uploads\/2025\/07\/La-Garde-2023-Photos-Julie-Ducloux-16-300x200.jpg 300w, https:\/\/lesmusiciensdeurope.com\/v2\/wp-content\/uploads\/2025\/07\/La-Garde-2023-Photos-Julie-Ducloux-16-1024x683.jpg 1024w, https:\/\/lesmusiciensdeurope.com\/v2\/wp-content\/uploads\/2025\/07\/La-Garde-2023-Photos-Julie-Ducloux-16-768x512.jpg 768w, https:\/\/lesmusiciensdeurope.com\/v2\/wp-content\/uploads\/2025\/07\/La-Garde-2023-Photos-Julie-Ducloux-16-100x67.jpg 100w, https:\/\/lesmusiciensdeurope.com\/v2\/wp-content\/uploads\/2025\/07\/La-Garde-2023-Photos-Julie-Ducloux-16-1536x1024.jpg 1536w, https:\/\/lesmusiciensdeurope.com\/v2\/wp-content\/uploads\/2025\/07\/La-Garde-2023-Photos-Julie-Ducloux-16-18x12.jpg 18w\" sizes=\"auto, (max-width: 2048px) 100vw, 2048px\" \/><figcaption class=\"wp-element-caption\"><em>\u00a9<\/em> Julie Ducloux<\/figcaption><\/figure>\n<\/div>\n\n\n\n<div class=\"wp-block-column is-vertically-aligned-center is-layout-flow wp-block-column-is-layout-flow\">\n<h2 class=\"wp-block-heading\">Artistic project<\/h2>\n\n\n\n<p class=\"has-large-font-size\">Our orchestra is also distinguished by its penchant for atypical projects, where the arts intersect and enrich one another. The audience is sometimes led along forest trails, stimulating a less \"classical\" listening experience of classical music, for the enjoyment of all of us. The design of these projects is currently entrusted to committee members who have the desire and expertise, in close collaboration with guest conductors. These working groups are different for each program.<\/p>\n<\/div>\n<\/div>\n<\/div>\n\n\n\n<div class=\"wp-block-group alignfull has-global-padding is-layout-constrained wp-block-group-is-layout-constrained\" style=\"margin-top:0;margin-bottom:0;padding-top:var(--wp--preset--spacing--50);padding-bottom:var(--wp--preset--spacing--50)\">\n<div class=\"wp-block-columns alignwide is-layout-flex wp-container-core-columns-is-layout-19206ade wp-block-columns-is-layout-flex\">\n<div class=\"wp-block-column is-vertically-aligned-center is-layout-flow wp-block-column-is-layout-flow\">\n<h2 class=\"wp-block-heading\">Target audience<\/h2>\n\n\n\n<p class=\"has-large-font-size\">We design all our programs for the widest possible audience, with the goal of democratizing classical music. We often work in collaboration, or at least for audiences who are distant (willingly, by fact, or by force) and children. The goal of these partnerships is for musicians and these audiences to create together, and for their encounter to build a shared musical and artistic gesture. These connections also anchor our presence in each of the territories visited, and allow all stakeholders (audiences, institutions, communities, musicians) to create lasting connections.<\/p>\n<\/div>\n\n\n\n<div class=\"wp-block-column is-vertically-aligned-center is-layout-flow wp-block-column-is-layout-flow\">\n<figure class=\"wp-block-image size-full\"><img loading=\"lazy\" decoding=\"async\" width=\"1365\" height=\"2048\" src=\"https:\/\/lesmusiciensdeurope.com\/v2\/wp-content\/uploads\/2025\/07\/La-Garde-2023-Photos-Julie-Ducloux-18.jpg\" alt=\"Violons vu de dos lors du concert \u00e0 La Garde en 2023 - Julie Ducloux\" class=\"wp-image-538\" style=\"aspect-ratio:1;object-fit:cover\" srcset=\"https:\/\/lesmusiciensdeurope.com\/v2\/wp-content\/uploads\/2025\/07\/La-Garde-2023-Photos-Julie-Ducloux-18.jpg 1365w, https:\/\/lesmusiciensdeurope.com\/v2\/wp-content\/uploads\/2025\/07\/La-Garde-2023-Photos-Julie-Ducloux-18-200x300.jpg 200w, https:\/\/lesmusiciensdeurope.com\/v2\/wp-content\/uploads\/2025\/07\/La-Garde-2023-Photos-Julie-Ducloux-18-683x1024.jpg 683w, https:\/\/lesmusiciensdeurope.com\/v2\/wp-content\/uploads\/2025\/07\/La-Garde-2023-Photos-Julie-Ducloux-18-768x1152.jpg 768w, https:\/\/lesmusiciensdeurope.com\/v2\/wp-content\/uploads\/2025\/07\/La-Garde-2023-Photos-Julie-Ducloux-18-100x150.jpg 100w, https:\/\/lesmusiciensdeurope.com\/v2\/wp-content\/uploads\/2025\/07\/La-Garde-2023-Photos-Julie-Ducloux-18-1024x1536.jpg 1024w, https:\/\/lesmusiciensdeurope.com\/v2\/wp-content\/uploads\/2025\/07\/La-Garde-2023-Photos-Julie-Ducloux-18-8x12.jpg 8w\" sizes=\"auto, (max-width: 1365px) 100vw, 1365px\" \/><figcaption class=\"wp-element-caption\"><em>\u00a9<\/em> Julie Ducloux<\/figcaption><\/figure>\n<\/div>\n<\/div>\n<\/div>","protected":false},"excerpt":{"rendered":"<p>Direction musicale Apr\u00e8s 30 ans d&rsquo;une collaboration riche avec Jean-Marie Curti \u00e0 la direction musicale et artistique, dont les nombreuses id\u00e9es innovantes et singuli\u00e8res ont permis \u00e0 l&rsquo;ensemble de briller, l&rsquo;heure est venue de trouver une nouvelle direction. Nous nous donnons 2 ou 3 ans pour faire des rencontres artistiques avec diff\u00e9rents chefs invit\u00e9s, afin [&hellip;]<\/p>\n","protected":false},"author":1,"featured_media":552,"parent":0,"menu_order":0,"comment_status":"closed","ping_status":"closed","template":"","meta":{"footnotes":""},"class_list":["post-65","page","type-page","status-publish","has-post-thumbnail","hentry"],"yoast_head":"<!-- This site is optimized with the Yoast SEO plugin v27.5 - https:\/\/yoast.com\/product\/yoast-seo-wordpress\/ -->\n<title>Direction artistique - LES MUSICIENS D&#039;EUROPE<\/title>\n<meta name=\"description\" content=\"La direction artistique est confi\u00e9e aux membres du comit\u00e9 pour les prochaines ann\u00e9es en collaboration avec diff\u00e9rents chefs invit\u00e9s.\" \/>\n<meta name=\"robots\" content=\"index, follow, max-snippet:-1, max-image-preview:large, max-video-preview:-1\" \/>\n<link rel=\"canonical\" href=\"https:\/\/lesmusiciensdeurope.com\/en\/direction-artistique\/\" \/>\n<meta property=\"og:locale\" content=\"en_GB\" \/>\n<meta property=\"og:type\" content=\"article\" \/>\n<meta property=\"og:title\" content=\"Direction artistique - LES MUSICIENS D&#039;EUROPE\" \/>\n<meta property=\"og:description\" content=\"La direction artistique est confi\u00e9e aux membres du comit\u00e9 pour les prochaines ann\u00e9es en collaboration avec diff\u00e9rents chefs invit\u00e9s.\" \/>\n<meta property=\"og:url\" content=\"https:\/\/lesmusiciensdeurope.com\/en\/direction-artistique\/\" \/>\n<meta property=\"og:site_name\" content=\"LES MUSICIENS D&#039;EUROPE\" \/>\n<meta property=\"article:modified_time\" content=\"2025-07-19T08:48:48+00:00\" \/>\n<meta property=\"og:image\" content=\"https:\/\/lesmusiciensdeurope.com\/v2\/wp-content\/uploads\/2025\/07\/DG-75.jpg\" \/>\n\t<meta property=\"og:image:width\" content=\"2048\" \/>\n\t<meta property=\"og:image:height\" content=\"1365\" \/>\n\t<meta property=\"og:image:type\" content=\"image\/jpeg\" \/>\n<meta name=\"twitter:card\" content=\"summary_large_image\" \/>\n<meta name=\"twitter:label1\" content=\"Estimated reading time\" \/>\n\t<meta name=\"twitter:data1\" content=\"2 minutes\" \/>\n<script type=\"application\/ld+json\" class=\"yoast-schema-graph\">{\"@context\":\"https:\\\/\\\/schema.org\",\"@graph\":[{\"@type\":\"WebPage\",\"@id\":\"https:\\\/\\\/lesmusiciensdeurope.com\\\/direction-artistique\\\/\",\"url\":\"https:\\\/\\\/lesmusiciensdeurope.com\\\/direction-artistique\\\/\",\"name\":\"Direction artistique - LES MUSICIENS D&#039;EUROPE\",\"isPartOf\":{\"@id\":\"https:\\\/\\\/lesmusiciensdeurope.com\\\/#website\"},\"primaryImageOfPage\":{\"@id\":\"https:\\\/\\\/lesmusiciensdeurope.com\\\/direction-artistique\\\/#primaryimage\"},\"image\":{\"@id\":\"https:\\\/\\\/lesmusiciensdeurope.com\\\/direction-artistique\\\/#primaryimage\"},\"thumbnailUrl\":\"https:\\\/\\\/lesmusiciensdeurope.com\\\/v2\\\/wp-content\\\/uploads\\\/2025\\\/07\\\/DG-75.jpg\",\"datePublished\":\"2025-04-04T17:46:19+00:00\",\"dateModified\":\"2025-07-19T08:48:48+00:00\",\"description\":\"La direction artistique est confi\u00e9e aux membres du comit\u00e9 pour les prochaines ann\u00e9es en collaboration avec diff\u00e9rents chefs invit\u00e9s.\",\"breadcrumb\":{\"@id\":\"https:\\\/\\\/lesmusiciensdeurope.com\\\/direction-artistique\\\/#breadcrumb\"},\"inLanguage\":\"en-GB\",\"potentialAction\":[{\"@type\":\"ReadAction\",\"target\":[\"https:\\\/\\\/lesmusiciensdeurope.com\\\/direction-artistique\\\/\"]}]},{\"@type\":\"ImageObject\",\"inLanguage\":\"en-GB\",\"@id\":\"https:\\\/\\\/lesmusiciensdeurope.com\\\/direction-artistique\\\/#primaryimage\",\"url\":\"https:\\\/\\\/lesmusiciensdeurope.com\\\/v2\\\/wp-content\\\/uploads\\\/2025\\\/07\\\/DG-75.jpg\",\"contentUrl\":\"https:\\\/\\\/lesmusiciensdeurope.com\\\/v2\\\/wp-content\\\/uploads\\\/2025\\\/07\\\/DG-75.jpg\",\"width\":2048,\"height\":1365,\"caption\":\"Musique de chambre prise depuis l'orchestre avec un effet de flou artistique - Photo Julie Ducloux\"},{\"@type\":\"BreadcrumbList\",\"@id\":\"https:\\\/\\\/lesmusiciensdeurope.com\\\/direction-artistique\\\/#breadcrumb\",\"itemListElement\":[{\"@type\":\"ListItem\",\"position\":1,\"name\":\"Home\",\"item\":\"https:\\\/\\\/lesmusiciensdeurope.com\\\/\"},{\"@type\":\"ListItem\",\"position\":2,\"name\":\"Direction artistique\"}]},{\"@type\":\"WebSite\",\"@id\":\"https:\\\/\\\/lesmusiciensdeurope.com\\\/#website\",\"url\":\"https:\\\/\\\/lesmusiciensdeurope.com\\\/\",\"name\":\"Les Musiciens d'Europe\",\"description\":\"Orchestre symphonique Europ\u00e9en et Humaniste\",\"publisher\":{\"@id\":\"https:\\\/\\\/lesmusiciensdeurope.com\\\/#organization\"},\"potentialAction\":[{\"@type\":\"SearchAction\",\"target\":{\"@type\":\"EntryPoint\",\"urlTemplate\":\"https:\\\/\\\/lesmusiciensdeurope.com\\\/?s={search_term_string}\"},\"query-input\":{\"@type\":\"PropertyValueSpecification\",\"valueRequired\":true,\"valueName\":\"search_term_string\"}}],\"inLanguage\":\"en-GB\"},{\"@type\":\"Organization\",\"@id\":\"https:\\\/\\\/lesmusiciensdeurope.com\\\/#organization\",\"name\":\"Les Musiciens d'Europe\",\"alternateName\":\"MDE\",\"url\":\"https:\\\/\\\/lesmusiciensdeurope.com\\\/\",\"logo\":{\"@type\":\"ImageObject\",\"inLanguage\":\"en-GB\",\"@id\":\"https:\\\/\\\/lesmusiciensdeurope.com\\\/#\\\/schema\\\/logo\\\/image\\\/\",\"url\":\"https:\\\/\\\/lesmusiciensdeurope.com\\\/v2\\\/wp-content\\\/uploads\\\/2025\\\/07\\\/LOGO-ME_RVB-scaled.png\",\"contentUrl\":\"https:\\\/\\\/lesmusiciensdeurope.com\\\/v2\\\/wp-content\\\/uploads\\\/2025\\\/07\\\/LOGO-ME_RVB-scaled.png\",\"width\":2560,\"height\":1810,\"caption\":\"Les Musiciens d'Europe\"},\"image\":{\"@id\":\"https:\\\/\\\/lesmusiciensdeurope.com\\\/#\\\/schema\\\/logo\\\/image\\\/\"}}]}<\/script>\n<!-- \/ Yoast SEO plugin. -->","yoast_head_json":{"title":"Direction artistique - LES MUSICIENS D&#039;EUROPE","description":"La direction artistique est confi\u00e9e aux membres du comit\u00e9 pour les prochaines ann\u00e9es en collaboration avec diff\u00e9rents chefs invit\u00e9s.","robots":{"index":"index","follow":"follow","max-snippet":"max-snippet:-1","max-image-preview":"max-image-preview:large","max-video-preview":"max-video-preview:-1"},"canonical":"https:\/\/lesmusiciensdeurope.com\/en\/direction-artistique\/","og_locale":"en_GB","og_type":"article","og_title":"Direction artistique - LES MUSICIENS D&#039;EUROPE","og_description":"La direction artistique est confi\u00e9e aux membres du comit\u00e9 pour les prochaines ann\u00e9es en collaboration avec diff\u00e9rents chefs invit\u00e9s.","og_url":"https:\/\/lesmusiciensdeurope.com\/en\/direction-artistique\/","og_site_name":"LES MUSICIENS D&#039;EUROPE","article_modified_time":"2025-07-19T08:48:48+00:00","og_image":[{"width":2048,"height":1365,"url":"https:\/\/lesmusiciensdeurope.com\/v2\/wp-content\/uploads\/2025\/07\/DG-75.jpg","type":"image\/jpeg"}],"twitter_card":"summary_large_image","twitter_misc":{"Estimated reading time":"2 minutes"},"schema":{"@context":"https:\/\/schema.org","@graph":[{"@type":"WebPage","@id":"https:\/\/lesmusiciensdeurope.com\/direction-artistique\/","url":"https:\/\/lesmusiciensdeurope.com\/direction-artistique\/","name":"Direction artistique - LES MUSICIENS D&#039;EUROPE","isPartOf":{"@id":"https:\/\/lesmusiciensdeurope.com\/#website"},"primaryImageOfPage":{"@id":"https:\/\/lesmusiciensdeurope.com\/direction-artistique\/#primaryimage"},"image":{"@id":"https:\/\/lesmusiciensdeurope.com\/direction-artistique\/#primaryimage"},"thumbnailUrl":"https:\/\/lesmusiciensdeurope.com\/v2\/wp-content\/uploads\/2025\/07\/DG-75.jpg","datePublished":"2025-04-04T17:46:19+00:00","dateModified":"2025-07-19T08:48:48+00:00","description":"La direction artistique est confi\u00e9e aux membres du comit\u00e9 pour les prochaines ann\u00e9es en collaboration avec diff\u00e9rents chefs invit\u00e9s.","breadcrumb":{"@id":"https:\/\/lesmusiciensdeurope.com\/direction-artistique\/#breadcrumb"},"inLanguage":"en-GB","potentialAction":[{"@type":"ReadAction","target":["https:\/\/lesmusiciensdeurope.com\/direction-artistique\/"]}]},{"@type":"ImageObject","inLanguage":"en-GB","@id":"https:\/\/lesmusiciensdeurope.com\/direction-artistique\/#primaryimage","url":"https:\/\/lesmusiciensdeurope.com\/v2\/wp-content\/uploads\/2025\/07\/DG-75.jpg","contentUrl":"https:\/\/lesmusiciensdeurope.com\/v2\/wp-content\/uploads\/2025\/07\/DG-75.jpg","width":2048,"height":1365,"caption":"Musique de chambre prise depuis l'orchestre avec un effet de flou artistique - Photo Julie Ducloux"},{"@type":"BreadcrumbList","@id":"https:\/\/lesmusiciensdeurope.com\/direction-artistique\/#breadcrumb","itemListElement":[{"@type":"ListItem","position":1,"name":"Home","item":"https:\/\/lesmusiciensdeurope.com\/"},{"@type":"ListItem","position":2,"name":"Direction artistique"}]},{"@type":"WebSite","@id":"https:\/\/lesmusiciensdeurope.com\/#website","url":"https:\/\/lesmusiciensdeurope.com\/","name":"Les Musiciens d'Europe","description":"Orchestre symphonique Europ\u00e9en et Humaniste","publisher":{"@id":"https:\/\/lesmusiciensdeurope.com\/#organization"},"potentialAction":[{"@type":"SearchAction","target":{"@type":"EntryPoint","urlTemplate":"https:\/\/lesmusiciensdeurope.com\/?s={search_term_string}"},"query-input":{"@type":"PropertyValueSpecification","valueRequired":true,"valueName":"search_term_string"}}],"inLanguage":"en-GB"},{"@type":"Organization","@id":"https:\/\/lesmusiciensdeurope.com\/#organization","name":"Les Musiciens d'Europe","alternateName":"MDE","url":"https:\/\/lesmusiciensdeurope.com\/","logo":{"@type":"ImageObject","inLanguage":"en-GB","@id":"https:\/\/lesmusiciensdeurope.com\/#\/schema\/logo\/image\/","url":"https:\/\/lesmusiciensdeurope.com\/v2\/wp-content\/uploads\/2025\/07\/LOGO-ME_RVB-scaled.png","contentUrl":"https:\/\/lesmusiciensdeurope.com\/v2\/wp-content\/uploads\/2025\/07\/LOGO-ME_RVB-scaled.png","width":2560,"height":1810,"caption":"Les Musiciens d'Europe"},"image":{"@id":"https:\/\/lesmusiciensdeurope.com\/#\/schema\/logo\/image\/"}}]}},"_links":{"self":[{"href":"https:\/\/lesmusiciensdeurope.com\/en\/wp-json\/wp\/v2\/pages\/65","targetHints":{"allow":["GET"]}}],"collection":[{"href":"https:\/\/lesmusiciensdeurope.com\/en\/wp-json\/wp\/v2\/pages"}],"about":[{"href":"https:\/\/lesmusiciensdeurope.com\/en\/wp-json\/wp\/v2\/types\/page"}],"author":[{"embeddable":true,"href":"https:\/\/lesmusiciensdeurope.com\/en\/wp-json\/wp\/v2\/users\/1"}],"replies":[{"embeddable":true,"href":"https:\/\/lesmusiciensdeurope.com\/en\/wp-json\/wp\/v2\/comments?post=65"}],"version-history":[{"count":11,"href":"https:\/\/lesmusiciensdeurope.com\/en\/wp-json\/wp\/v2\/pages\/65\/revisions"}],"predecessor-version":[{"id":625,"href":"https:\/\/lesmusiciensdeurope.com\/en\/wp-json\/wp\/v2\/pages\/65\/revisions\/625"}],"wp:featuredmedia":[{"embeddable":true,"href":"https:\/\/lesmusiciensdeurope.com\/en\/wp-json\/wp\/v2\/media\/552"}],"wp:attachment":[{"href":"https:\/\/lesmusiciensdeurope.com\/en\/wp-json\/wp\/v2\/media?parent=65"}],"curies":[{"name":"wp","href":"https:\/\/api.w.org\/{rel}","templated":true}]}}