{"id":122,"date":"2025-04-05T16:56:55","date_gmt":"2025-04-05T16:56:55","guid":{"rendered":"https:\/\/lesmusiciensdeurope.com\/v2\/?page_id=122"},"modified":"2025-07-13T21:25:24","modified_gmt":"2025-07-13T21:25:24","slug":"videos","status":"publish","type":"page","link":"https:\/\/lesmusiciensdeurope.com\/en\/videos\/","title":{"rendered":"Videos"},"content":{"rendered":"<div class=\"wp-block-group alignfull has-global-padding is-layout-constrained wp-block-group-is-layout-constrained\">\n<div class=\"wp-block-columns alignwide are-vertically-aligned-center tw-cols-stack-md is-layout-flex wp-container-core-columns-is-layout-f824209e wp-block-columns-is-layout-flex\" style=\"padding-top:var(--wp--preset--spacing--60);padding-bottom:var(--wp--preset--spacing--60)\">\n<div class=\"wp-block-column is-vertically-aligned-center has-global-padding is-layout-constrained wp-block-column-is-layout-constrained\">\n<h2 class=\"wp-block-heading\">Smetana &#8211; Vltava (Moldau)<\/h2>\n\n\n\n<p>Recorded in Li\u00e8pvre on 3 November 2024, the orchestra performed Smetana's Moldau at the final concert of its residency at Val d'Argent.<\/p>\n<\/div>\n\n\n\n<div class=\"wp-block-column is-vertically-aligned-center has-global-padding is-layout-constrained wp-block-column-is-layout-constrained\">\n<figure class=\"wp-block-embed is-type-video is-provider-youtube wp-block-embed-youtube wp-embed-aspect-16-9 wp-has-aspect-ratio\"><div class=\"wp-block-embed__wrapper\">\n<iframe loading=\"lazy\" title=\"B. SMETANA : Vltava  (Moldau) - Les Musiciens d&#039;Europe\" width=\"500\" height=\"281\" src=\"https:\/\/www.youtube.com\/embed\/d-iNb5NBYqU?feature=oembed\" frameborder=\"0\" allow=\"accelerometer; autoplay; clipboard-write; encrypted-media; gyroscope; picture-in-picture; web-share\" referrerpolicy=\"strict-origin-when-cross-origin\" allowfullscreen><\/iframe>\n<\/div><\/figure>\n<\/div>\n<\/div>\n\n\n\n<div class=\"wp-block-group alignfull has-accent-4-background-color has-background has-global-padding is-layout-constrained wp-block-group-is-layout-constrained\">\n<div class=\"wp-block-columns alignwide are-vertically-aligned-center tw-cols-stack-md is-layout-flex wp-container-core-columns-is-layout-f824209e wp-block-columns-is-layout-flex\" style=\"padding-top:var(--wp--preset--spacing--60);padding-bottom:var(--wp--preset--spacing--60)\">\n<div class=\"wp-block-column is-vertically-aligned-center has-global-padding is-layout-constrained wp-block-column-is-layout-constrained\">\n<figure class=\"wp-block-embed is-type-video is-provider-youtube wp-block-embed-youtube wp-embed-aspect-16-9 wp-has-aspect-ratio\"><div class=\"wp-block-embed__wrapper\">\n<iframe loading=\"lazy\" title=\"M. RAVEL : Le Tombeau de Couperin - Les Musiciens d&#039;Europe\" width=\"500\" height=\"281\" src=\"https:\/\/www.youtube.com\/embed\/05Xk2_qlu0o?feature=oembed\" frameborder=\"0\" allow=\"accelerometer; autoplay; clipboard-write; encrypted-media; gyroscope; picture-in-picture; web-share\" referrerpolicy=\"strict-origin-when-cross-origin\" allowfullscreen><\/iframe>\n<\/div><\/figure>\n<\/div>\n\n\n\n<div class=\"wp-block-column is-vertically-aligned-center has-global-padding is-layout-constrained wp-block-column-is-layout-constrained\">\n<h2 class=\"wp-block-heading\">Ravel &#8211; Le Tombeau de Couperin<\/h2>\n\n\n\n<p>Recorded in Li\u00e8pvre on 3 November 2024, the orchestra performs Ravel's Couperin's Tomb in the final concert of its residency at Val d'Argent.<\/p>\n<\/div>\n<\/div>\n<\/div>\n\n\n\n<div class=\"wp-block-group alignfull has-global-padding is-layout-constrained wp-block-group-is-layout-constrained\" style=\"padding-top:var(--wp--preset--spacing--60);padding-bottom:var(--wp--preset--spacing--60)\">\n<div class=\"wp-block-columns alignwide are-vertically-aligned-center tw-cols-stack-md is-layout-flex wp-container-core-columns-is-layout-d18de7ed wp-block-columns-is-layout-flex\">\n<div class=\"wp-block-column is-vertically-aligned-center has-global-padding is-layout-constrained wp-block-column-is-layout-constrained\">\n<h2 class=\"wp-block-heading\">Franz Curti &#8211; Adventlied<\/h2>\n\n\n\n<p>During the Franz Curti Festival, the orchestra will perform Franz Curti's Adventlied on 1 May 2022 in Rapperswil-Jona.<\/p>\n\n\n\n<p>With Adventlied, Franz Curti offers a work imbued with contemplation and spirituality, reflecting the luminous anticipation that precedes Christmas.<\/p>\n\n\n\n<p>Composed at the end of the nineteenth century, this piece is part of the German Romantic tradition, combining intimate piety and lyrical \u00e9lan. Curti's music, both expressive and nuanced, envelops the text in an atmosphere of inner peace and gentle fervour.<\/p>\n<\/div>\n\n\n\n<div class=\"wp-block-column is-vertically-aligned-center has-global-padding is-layout-constrained wp-block-column-is-layout-constrained\">\n<figure class=\"wp-block-embed is-type-video is-provider-youtube wp-block-embed-youtube wp-embed-aspect-16-9 wp-has-aspect-ratio\"><div class=\"wp-block-embed__wrapper\">\n<iframe loading=\"lazy\" title=\"Franz Curti Adventlied\" width=\"500\" height=\"281\" src=\"https:\/\/www.youtube.com\/embed\/aw9NIkreRPw?feature=oembed\" frameborder=\"0\" allow=\"accelerometer; autoplay; clipboard-write; encrypted-media; gyroscope; picture-in-picture; web-share\" referrerpolicy=\"strict-origin-when-cross-origin\" allowfullscreen><\/iframe>\n<\/div><\/figure>\n<\/div>\n<\/div>\n<\/div>\n\n\n\n<div class=\"wp-block-group alignfull has-accent-4-background-color has-background has-global-padding is-layout-constrained wp-block-group-is-layout-constrained\" style=\"padding-top:var(--wp--preset--spacing--60);padding-bottom:var(--wp--preset--spacing--60)\">\n<div class=\"wp-block-columns alignwide are-vertically-aligned-center tw-cols-stack-md is-layout-flex wp-container-core-columns-is-layout-d18de7ed wp-block-columns-is-layout-flex\">\n<div class=\"wp-block-column is-vertically-aligned-center has-global-padding is-layout-constrained wp-block-column-is-layout-constrained\">\n<figure class=\"wp-block-embed is-type-video is-provider-youtube wp-block-embed-youtube wp-embed-aspect-16-9 wp-has-aspect-ratio\"><div class=\"wp-block-embed__wrapper\">\n<iframe loading=\"lazy\" title=\"Franz Curti Die Gletscherjungfrau\" width=\"500\" height=\"281\" src=\"https:\/\/www.youtube.com\/embed\/WNx4OJiynj0?feature=oembed\" frameborder=\"0\" allow=\"accelerometer; autoplay; clipboard-write; encrypted-media; gyroscope; picture-in-picture; web-share\" referrerpolicy=\"strict-origin-when-cross-origin\" allowfullscreen><\/iframe>\n<\/div><\/figure>\n<\/div>\n\n\n\n<div class=\"wp-block-column is-vertically-aligned-center has-global-padding is-layout-constrained wp-block-column-is-layout-constrained\">\n<h2 class=\"wp-block-heading\">Franz Curti &#8211; Die Gletscherjungfrau<\/h2>\n\n\n\n<p>Immerse yourself in the romantic and dramatic world of Franz Curti with <em>Die Gletscherjungfrau<\/em>, a spellbinding cantata that blends tragic love and betrayal in the heart of the Alpine landscape.<\/p>\n\n\n\n<p>Composed in 1882 to a libretto by Margarete Vollhardt-Wittich, this rare and poignant work illustrates the 19th century taste for mystery, sublime nature and human passions.<\/p>\n<\/div>\n<\/div>\n<\/div>\n<\/div>","protected":false},"excerpt":{"rendered":"<p>Smetana &#8211; Vltava (Moldau) Enregistr\u00e9 \u00e0 Li\u00e8pvre le 3 novembre 2024, l&rsquo;orchestre interpr\u00e8te la Moldau de Smetana lors du concert final de sa r\u00e9sidence au Val d&rsquo;Argent. Ravel &#8211; Le Tombeau de Couperin Enregistr\u00e9 \u00e0 Li\u00e8pvre le 3 novembre 2024, l&rsquo;orchestre interpr\u00e8te le tombeau de Couperin de Ravel lors du concert final de sa r\u00e9sidence [&hellip;]<\/p>\n","protected":false},"author":1,"featured_media":0,"parent":0,"menu_order":0,"comment_status":"closed","ping_status":"closed","template":"","meta":{"footnotes":""},"class_list":["post-122","page","type-page","status-publish","hentry"],"yoast_head":"<!-- This site is optimized with the Yoast SEO plugin v27.4 - https:\/\/yoast.com\/product\/yoast-seo-wordpress\/ -->\n<title>Vid\u00e9os - LES MUSICIENS D&#039;EUROPE<\/title>\n<meta name=\"robots\" content=\"index, follow, max-snippet:-1, max-image-preview:large, max-video-preview:-1\" \/>\n<link rel=\"canonical\" href=\"https:\/\/lesmusiciensdeurope.com\/en\/videos\/\" \/>\n<meta property=\"og:locale\" content=\"en_GB\" \/>\n<meta property=\"og:type\" content=\"article\" \/>\n<meta property=\"og:title\" content=\"Vid\u00e9os - LES MUSICIENS D&#039;EUROPE\" \/>\n<meta property=\"og:description\" content=\"Smetana &#8211; Vltava (Moldau) Enregistr\u00e9 \u00e0 Li\u00e8pvre le 3 novembre 2024, l&rsquo;orchestre interpr\u00e8te la Moldau de Smetana lors du concert final de sa r\u00e9sidence au Val d&rsquo;Argent. Ravel &#8211; Le Tombeau de Couperin Enregistr\u00e9 \u00e0 Li\u00e8pvre le 3 novembre 2024, l&rsquo;orchestre interpr\u00e8te le tombeau de Couperin de Ravel lors du concert final de sa r\u00e9sidence [&hellip;]\" \/>\n<meta property=\"og:url\" content=\"https:\/\/lesmusiciensdeurope.com\/en\/videos\/\" \/>\n<meta property=\"og:site_name\" content=\"LES MUSICIENS D&#039;EUROPE\" \/>\n<meta property=\"article:modified_time\" content=\"2025-07-13T21:25:24+00:00\" \/>\n<meta name=\"twitter:card\" content=\"summary_large_image\" \/>\n<meta name=\"twitter:label1\" content=\"Estimated reading time\" \/>\n\t<meta name=\"twitter:data1\" content=\"1 minute\" \/>\n<script type=\"application\/ld+json\" class=\"yoast-schema-graph\">{\"@context\":\"https:\\\/\\\/schema.org\",\"@graph\":[{\"@type\":\"WebPage\",\"@id\":\"https:\\\/\\\/lesmusiciensdeurope.com\\\/videos\\\/\",\"url\":\"https:\\\/\\\/lesmusiciensdeurope.com\\\/videos\\\/\",\"name\":\"Vid\u00e9os - LES MUSICIENS D&#039;EUROPE\",\"isPartOf\":{\"@id\":\"https:\\\/\\\/lesmusiciensdeurope.com\\\/#website\"},\"datePublished\":\"2025-04-05T16:56:55+00:00\",\"dateModified\":\"2025-07-13T21:25:24+00:00\",\"breadcrumb\":{\"@id\":\"https:\\\/\\\/lesmusiciensdeurope.com\\\/videos\\\/#breadcrumb\"},\"inLanguage\":\"en-GB\",\"potentialAction\":[{\"@type\":\"ReadAction\",\"target\":[\"https:\\\/\\\/lesmusiciensdeurope.com\\\/videos\\\/\"]}]},{\"@type\":\"BreadcrumbList\",\"@id\":\"https:\\\/\\\/lesmusiciensdeurope.com\\\/videos\\\/#breadcrumb\",\"itemListElement\":[{\"@type\":\"ListItem\",\"position\":1,\"name\":\"Home\",\"item\":\"https:\\\/\\\/lesmusiciensdeurope.com\\\/\"},{\"@type\":\"ListItem\",\"position\":2,\"name\":\"Vid\u00e9os\"}]},{\"@type\":\"WebSite\",\"@id\":\"https:\\\/\\\/lesmusiciensdeurope.com\\\/#website\",\"url\":\"https:\\\/\\\/lesmusiciensdeurope.com\\\/\",\"name\":\"Les Musiciens d'Europe\",\"description\":\"Orchestre symphonique Europ\u00e9en et Humaniste\",\"publisher\":{\"@id\":\"https:\\\/\\\/lesmusiciensdeurope.com\\\/#organization\"},\"potentialAction\":[{\"@type\":\"SearchAction\",\"target\":{\"@type\":\"EntryPoint\",\"urlTemplate\":\"https:\\\/\\\/lesmusiciensdeurope.com\\\/?s={search_term_string}\"},\"query-input\":{\"@type\":\"PropertyValueSpecification\",\"valueRequired\":true,\"valueName\":\"search_term_string\"}}],\"inLanguage\":\"en-GB\"},{\"@type\":\"Organization\",\"@id\":\"https:\\\/\\\/lesmusiciensdeurope.com\\\/#organization\",\"name\":\"Les Musiciens d'Europe\",\"alternateName\":\"MDE\",\"url\":\"https:\\\/\\\/lesmusiciensdeurope.com\\\/\",\"logo\":{\"@type\":\"ImageObject\",\"inLanguage\":\"en-GB\",\"@id\":\"https:\\\/\\\/lesmusiciensdeurope.com\\\/#\\\/schema\\\/logo\\\/image\\\/\",\"url\":\"https:\\\/\\\/lesmusiciensdeurope.com\\\/v2\\\/wp-content\\\/uploads\\\/2025\\\/07\\\/LOGO-ME_RVB-scaled.png\",\"contentUrl\":\"https:\\\/\\\/lesmusiciensdeurope.com\\\/v2\\\/wp-content\\\/uploads\\\/2025\\\/07\\\/LOGO-ME_RVB-scaled.png\",\"width\":2560,\"height\":1810,\"caption\":\"Les Musiciens d'Europe\"},\"image\":{\"@id\":\"https:\\\/\\\/lesmusiciensdeurope.com\\\/#\\\/schema\\\/logo\\\/image\\\/\"}}]}<\/script>\n<!-- \/ Yoast SEO plugin. -->","yoast_head_json":{"title":"Vid\u00e9os - LES MUSICIENS D&#039;EUROPE","robots":{"index":"index","follow":"follow","max-snippet":"max-snippet:-1","max-image-preview":"max-image-preview:large","max-video-preview":"max-video-preview:-1"},"canonical":"https:\/\/lesmusiciensdeurope.com\/en\/videos\/","og_locale":"en_GB","og_type":"article","og_title":"Vid\u00e9os - LES MUSICIENS D&#039;EUROPE","og_description":"Smetana &#8211; Vltava (Moldau) Enregistr\u00e9 \u00e0 Li\u00e8pvre le 3 novembre 2024, l&rsquo;orchestre interpr\u00e8te la Moldau de Smetana lors du concert final de sa r\u00e9sidence au Val d&rsquo;Argent. Ravel &#8211; Le Tombeau de Couperin Enregistr\u00e9 \u00e0 Li\u00e8pvre le 3 novembre 2024, l&rsquo;orchestre interpr\u00e8te le tombeau de Couperin de Ravel lors du concert final de sa r\u00e9sidence [&hellip;]","og_url":"https:\/\/lesmusiciensdeurope.com\/en\/videos\/","og_site_name":"LES MUSICIENS D&#039;EUROPE","article_modified_time":"2025-07-13T21:25:24+00:00","twitter_card":"summary_large_image","twitter_misc":{"Estimated reading time":"1 minute"},"schema":{"@context":"https:\/\/schema.org","@graph":[{"@type":"WebPage","@id":"https:\/\/lesmusiciensdeurope.com\/videos\/","url":"https:\/\/lesmusiciensdeurope.com\/videos\/","name":"Vid\u00e9os - LES MUSICIENS D&#039;EUROPE","isPartOf":{"@id":"https:\/\/lesmusiciensdeurope.com\/#website"},"datePublished":"2025-04-05T16:56:55+00:00","dateModified":"2025-07-13T21:25:24+00:00","breadcrumb":{"@id":"https:\/\/lesmusiciensdeurope.com\/videos\/#breadcrumb"},"inLanguage":"en-GB","potentialAction":[{"@type":"ReadAction","target":["https:\/\/lesmusiciensdeurope.com\/videos\/"]}]},{"@type":"BreadcrumbList","@id":"https:\/\/lesmusiciensdeurope.com\/videos\/#breadcrumb","itemListElement":[{"@type":"ListItem","position":1,"name":"Home","item":"https:\/\/lesmusiciensdeurope.com\/"},{"@type":"ListItem","position":2,"name":"Vid\u00e9os"}]},{"@type":"WebSite","@id":"https:\/\/lesmusiciensdeurope.com\/#website","url":"https:\/\/lesmusiciensdeurope.com\/","name":"Les Musiciens d'Europe","description":"Orchestre symphonique Europ\u00e9en et Humaniste","publisher":{"@id":"https:\/\/lesmusiciensdeurope.com\/#organization"},"potentialAction":[{"@type":"SearchAction","target":{"@type":"EntryPoint","urlTemplate":"https:\/\/lesmusiciensdeurope.com\/?s={search_term_string}"},"query-input":{"@type":"PropertyValueSpecification","valueRequired":true,"valueName":"search_term_string"}}],"inLanguage":"en-GB"},{"@type":"Organization","@id":"https:\/\/lesmusiciensdeurope.com\/#organization","name":"Les Musiciens d'Europe","alternateName":"MDE","url":"https:\/\/lesmusiciensdeurope.com\/","logo":{"@type":"ImageObject","inLanguage":"en-GB","@id":"https:\/\/lesmusiciensdeurope.com\/#\/schema\/logo\/image\/","url":"https:\/\/lesmusiciensdeurope.com\/v2\/wp-content\/uploads\/2025\/07\/LOGO-ME_RVB-scaled.png","contentUrl":"https:\/\/lesmusiciensdeurope.com\/v2\/wp-content\/uploads\/2025\/07\/LOGO-ME_RVB-scaled.png","width":2560,"height":1810,"caption":"Les Musiciens d'Europe"},"image":{"@id":"https:\/\/lesmusiciensdeurope.com\/#\/schema\/logo\/image\/"}}]}},"_links":{"self":[{"href":"https:\/\/lesmusiciensdeurope.com\/en\/wp-json\/wp\/v2\/pages\/122","targetHints":{"allow":["GET"]}}],"collection":[{"href":"https:\/\/lesmusiciensdeurope.com\/en\/wp-json\/wp\/v2\/pages"}],"about":[{"href":"https:\/\/lesmusiciensdeurope.com\/en\/wp-json\/wp\/v2\/types\/page"}],"author":[{"embeddable":true,"href":"https:\/\/lesmusiciensdeurope.com\/en\/wp-json\/wp\/v2\/users\/1"}],"replies":[{"embeddable":true,"href":"https:\/\/lesmusiciensdeurope.com\/en\/wp-json\/wp\/v2\/comments?post=122"}],"version-history":[{"count":3,"href":"https:\/\/lesmusiciensdeurope.com\/en\/wp-json\/wp\/v2\/pages\/122\/revisions"}],"predecessor-version":[{"id":564,"href":"https:\/\/lesmusiciensdeurope.com\/en\/wp-json\/wp\/v2\/pages\/122\/revisions\/564"}],"wp:attachment":[{"href":"https:\/\/lesmusiciensdeurope.com\/en\/wp-json\/wp\/v2\/media?parent=122"}],"curies":[{"name":"wp","href":"https:\/\/api.w.org\/{rel}","templated":true}]}}